{"id":321,"date":"2022-03-15T14:38:42","date_gmt":"2022-03-15T13:38:42","guid":{"rendered":"http:\/\/jobdelocronan.com\/?page_id=321"},"modified":"2022-03-15T21:51:12","modified_gmt":"2022-03-15T20:51:12","slug":"numerisation-3d","status":"publish","type":"page","link":"https:\/\/jobdelocronan.com\/index.php\/numerisation-3d\/","title":{"rendered":"Num\u00e9risation 3D"},"content":{"rendered":"\n<h2>Archivage num\u00e9rique 3D: La photogramm\u00e9trie<\/h2>\n\n\n\n<div class=\"wp-block-columns\">\n<div class=\"wp-block-column\" style=\"flex-basis:100%\">\n<p>Pour num\u00e9riser les sculptures de JOB nous avons choisi la technique de photogramm\u00e9trie. Il s&rsquo;agit d&rsquo;un proc\u00e9d\u00e9 qui permet de g\u00e9n\u00e9rer un volume num\u00e9rique \u00e0 partir d&rsquo;un enregistrement photographique d\u00e9taill\u00e9. Nous utilisons le logiciel Meshroom pour la reconstruction 3D et Blender pour la retopologie du maillage volum\u00e9trique.<\/p>\n\n\n\n<div class=\"wp-block-image\"><figure class=\"aligncenter size-large\"><img loading=\"lazy\" width=\"1024\" height=\"683\" src=\"http:\/\/jobdelocronan.com\/wp-content\/uploads\/2022\/03\/Numerisation3D_scannbeatrice-1024x683.png\" alt=\"\" class=\"wp-image-350\" srcset=\"https:\/\/jobdelocronan.com\/wp-content\/uploads\/2022\/03\/Numerisation3D_scannbeatrice-1024x683.png 1024w, https:\/\/jobdelocronan.com\/wp-content\/uploads\/2022\/03\/Numerisation3D_scannbeatrice-300x200.png 300w, https:\/\/jobdelocronan.com\/wp-content\/uploads\/2022\/03\/Numerisation3D_scannbeatrice-768x512.png 768w, https:\/\/jobdelocronan.com\/wp-content\/uploads\/2022\/03\/Numerisation3D_scannbeatrice-1536x1024.png 1536w, https:\/\/jobdelocronan.com\/wp-content\/uploads\/2022\/03\/Numerisation3D_scannbeatrice-1170x780.png 1170w, https:\/\/jobdelocronan.com\/wp-content\/uploads\/2022\/03\/Numerisation3D_scannbeatrice-960x640.png 960w, https:\/\/jobdelocronan.com\/wp-content\/uploads\/2022\/03\/Numerisation3D_scannbeatrice.png 1600w\" sizes=\"(max-width: 1024px) 100vw, 1024px\" \/><figcaption><em>B\u00e9atrice au mus\u00e9e breton de Quimper en session de num\u00e9risation 3D d&rsquo;un buste de bretonne, 2020<\/em><\/figcaption><\/figure><\/div>\n\n\n\n<p>A partir d&rsquo;une centaine de photos prises sous tous les angles de vue nous obtenons un fichier contenant sous forme num\u00e9rique l&rsquo;information volum\u00e9trique et les textures de la surface, bois, pierre, couleurs, etc&#8230;<\/p>\n<\/div>\n<\/div>\n\n\n\n<div class=\"wp-block-image\"><figure class=\"aligncenter size-large\"><img loading=\"lazy\" width=\"1024\" height=\"683\" src=\"http:\/\/jobdelocronan.com\/wp-content\/uploads\/2022\/03\/Numerisation3D_buste-1-1024x683.png\" alt=\"\" class=\"wp-image-349\" srcset=\"https:\/\/jobdelocronan.com\/wp-content\/uploads\/2022\/03\/Numerisation3D_buste-1-1024x683.png 1024w, https:\/\/jobdelocronan.com\/wp-content\/uploads\/2022\/03\/Numerisation3D_buste-1-300x200.png 300w, https:\/\/jobdelocronan.com\/wp-content\/uploads\/2022\/03\/Numerisation3D_buste-1-768x512.png 768w, https:\/\/jobdelocronan.com\/wp-content\/uploads\/2022\/03\/Numerisation3D_buste-1-1170x780.png 1170w, https:\/\/jobdelocronan.com\/wp-content\/uploads\/2022\/03\/Numerisation3D_buste-1-960x640.png 960w, https:\/\/jobdelocronan.com\/wp-content\/uploads\/2022\/03\/Numerisation3D_buste-1.png 1191w\" sizes=\"(max-width: 1024px) 100vw, 1024px\" \/><figcaption><em>Mod\u00e8le 3D d&rsquo;un buste de bretonne num\u00e9ris\u00e9 <\/em><\/figcaption><\/figure><\/div>\n\n\n\n<div class=\"wp-block-columns\">\n<div class=\"wp-block-column\" style=\"flex-basis:100%\">\n<p>Cette technique de num\u00e9risation poss\u00e8de plusieurs caract\u00e9ristiques qui en font notre ressource pr\u00e9f\u00e9r\u00e9e :<\/p>\n<\/div>\n<\/div>\n\n\n\n<p>\ud83d\udcf1 l&rsquo;enregistrement peut \u00eatre effectu\u00e9 avec n&rsquo;importe quel type de cam\u00e9ra&nbsp;&nbsp;&nbsp;&nbsp;<\/p>\n\n\n\n<p>\ud83e\ude9c cela simplifie l&rsquo;acc\u00e8s aux endroits difficiles d&rsquo;acc\u00e8s<\/p>\n\n\n\n<p>\ud83c\udfa8 permet la spontan\u00e9it\u00e9 dans les d\u00e9cisions concernant le mod\u00e8le et la mani\u00e8re de r\u00e9aliser le registre<\/p>\n\n\n\n<p>\ud83c\udfd4 il n&rsquo;y a pas de limites dans les dimensions \u00e0 photographier<\/p>\n\n\n\n<p>\ud83c\udf0e vous pouvez travailler \u00e0 distance (B\u00e9atrice photographie \u00e0 Locronan et nous traitons \u00e0 Buenos Aires)<\/p>\n\n\n\n<p>\ud83d\udcbb Un logiciel gratuit et open-source est utilis\u00e9 pour reconstruire le volume <\/p>\n\n\n\n<p>\u2665 \ufe0f Avec ce processus, vous pouvez obtenir un fichier pour un mus\u00e9e virtuel ou une archive imprimable<\/p>\n","protected":false},"excerpt":{"rendered":"<p>Archivage num\u00e9rique 3D: La photogramm\u00e9trie Pour num\u00e9riser les sculptures de JOB nous avons choisi la technique de photogramm\u00e9trie. Il s&rsquo;agit d&rsquo;un proc\u00e9d\u00e9 qui permet de g\u00e9n\u00e9rer un volume num\u00e9rique \u00e0 partir d&rsquo;un enregistrement photographique d\u00e9taill\u00e9. Nous utilisons le logiciel Meshroom pour la reconstruction 3D et Blender pour la retopologie du maillage volum\u00e9trique. A partir d&rsquo;une [&hellip;]<\/p>\n","protected":false},"author":1,"featured_media":0,"parent":0,"menu_order":0,"comment_status":"closed","ping_status":"closed","template":"","meta":[],"_links":{"self":[{"href":"https:\/\/jobdelocronan.com\/index.php\/wp-json\/wp\/v2\/pages\/321"}],"collection":[{"href":"https:\/\/jobdelocronan.com\/index.php\/wp-json\/wp\/v2\/pages"}],"about":[{"href":"https:\/\/jobdelocronan.com\/index.php\/wp-json\/wp\/v2\/types\/page"}],"author":[{"embeddable":true,"href":"https:\/\/jobdelocronan.com\/index.php\/wp-json\/wp\/v2\/users\/1"}],"replies":[{"embeddable":true,"href":"https:\/\/jobdelocronan.com\/index.php\/wp-json\/wp\/v2\/comments?post=321"}],"version-history":[{"count":4,"href":"https:\/\/jobdelocronan.com\/index.php\/wp-json\/wp\/v2\/pages\/321\/revisions"}],"predecessor-version":[{"id":353,"href":"https:\/\/jobdelocronan.com\/index.php\/wp-json\/wp\/v2\/pages\/321\/revisions\/353"}],"wp:attachment":[{"href":"https:\/\/jobdelocronan.com\/index.php\/wp-json\/wp\/v2\/media?parent=321"}],"curies":[{"name":"wp","href":"https:\/\/api.w.org\/{rel}","templated":true}]}}