{"id":309,"date":"2022-03-14T19:05:52","date_gmt":"2022-03-14T18:05:52","guid":{"rendered":"http:\/\/jobdelocronan.com\/?page_id=309"},"modified":"2022-03-15T21:33:50","modified_gmt":"2022-03-15T20:33:50","slug":"impression-3d","status":"publish","type":"page","link":"https:\/\/jobdelocronan.com\/index.php\/impression-3d\/","title":{"rendered":"Impression 3D"},"content":{"rendered":"\n<h2>Impression 3D<\/h2>\n\n\n\n<p>La num\u00e9risation nous permet aujourd&rsquo;hui de reproduire les sculptures de JOB par impression 3D. Nous utilisons le PLA (<a href=\"https:\/\/fr.wikipedia.org\/wiki\/Acide_polylactique\">Acide Polylactique<\/a>) pour imprimer nos pi\u00e8ces. <\/p>\n\n\n\n<p>Nos reproductions conservent une esth\u00e9tique proche des sculptures originales de JOB qui ont \u00e9t\u00e9 num\u00e9ris\u00e9es, qui sont elles principalement des tailles en bois, ou des coulages en ciment ou pl\u00e2tre. Nous utilisons du PLA couleur bois et pierre.<\/p>\n\n\n\n<p>Nous exploitons aussi des couleurs plus vives et modernes, permises par l&rsquo;impression 3D, associ\u00e9es avec des bases r\u00e9alis\u00e9es en bois.<\/p>\n\n\n\n<figure class=\"wp-block-gallery has-nested-images columns-default is-cropped\">\n<figure class=\"wp-block-image size-large\"><img loading=\"lazy\" width=\"767\" height=\"1024\" data-id=\"312\"  src=\"http:\/\/jobdelocronan.com\/wp-content\/uploads\/2022\/03\/Impression3D_Sainteanneetvierge-767x1024.png\" alt=\"\" class=\"wp-image-312\" srcset=\"https:\/\/jobdelocronan.com\/wp-content\/uploads\/2022\/03\/Impression3D_Sainteanneetvierge-767x1024.png 767w, https:\/\/jobdelocronan.com\/wp-content\/uploads\/2022\/03\/Impression3D_Sainteanneetvierge-225x300.png 225w, https:\/\/jobdelocronan.com\/wp-content\/uploads\/2022\/03\/Impression3D_Sainteanneetvierge-768x1025.png 768w, https:\/\/jobdelocronan.com\/wp-content\/uploads\/2022\/03\/Impression3D_Sainteanneetvierge-1151x1536.png 1151w, https:\/\/jobdelocronan.com\/wp-content\/uploads\/2022\/03\/Impression3D_Sainteanneetvierge-1535x2048.png 1535w, https:\/\/jobdelocronan.com\/wp-content\/uploads\/2022\/03\/Impression3D_Sainteanneetvierge-1170x1561.png 1170w, https:\/\/jobdelocronan.com\/wp-content\/uploads\/2022\/03\/Impression3D_Sainteanneetvierge.png 1648w\" sizes=\"(max-width: 767px) 100vw, 767px\" \/><figcaption><em>Sainte Anne et la Vierge, 25cm, PLA couleur pin impr\u00e9gn\u00e9 de bois<\/em><\/figcaption><\/figure>\n\n\n\n<figure class=\"wp-block-image size-large is-style-default\"><img loading=\"lazy\" width=\"1254\" height=\"1666\" data-id=\"316\"  src=\"http:\/\/jobdelocronan.com\/wp-content\/uploads\/2022\/03\/Impression3D_Job1930-1-edited.png\" alt=\"\" class=\"wp-image-316\" srcset=\"https:\/\/jobdelocronan.com\/wp-content\/uploads\/2022\/03\/Impression3D_Job1930-1-edited.png 1254w, https:\/\/jobdelocronan.com\/wp-content\/uploads\/2022\/03\/Impression3D_Job1930-1-edited-226x300.png 226w, https:\/\/jobdelocronan.com\/wp-content\/uploads\/2022\/03\/Impression3D_Job1930-1-edited-771x1024.png 771w, https:\/\/jobdelocronan.com\/wp-content\/uploads\/2022\/03\/Impression3D_Job1930-1-edited-768x1020.png 768w, https:\/\/jobdelocronan.com\/wp-content\/uploads\/2022\/03\/Impression3D_Job1930-1-edited-1156x1536.png 1156w, https:\/\/jobdelocronan.com\/wp-content\/uploads\/2022\/03\/Impression3D_Job1930-1-edited-1170x1554.png 1170w\" sizes=\"(max-width: 1254px) 100vw, 1254px\" \/><figcaption><em>Buste autoportrait de JOB, 12cm, PLA<\/em> couleur bleue<\/figcaption><\/figure>\n\n\n\n<figure class=\"wp-block-image size-large\"><img loading=\"lazy\" width=\"768\" height=\"1024\" data-id=\"313\"  src=\"http:\/\/jobdelocronan.com\/wp-content\/uploads\/2022\/03\/Impression3D_saintebarbe-768x1024.png\" alt=\"\" class=\"wp-image-313\" srcset=\"https:\/\/jobdelocronan.com\/wp-content\/uploads\/2022\/03\/Impression3D_saintebarbe-768x1024.png 768w, https:\/\/jobdelocronan.com\/wp-content\/uploads\/2022\/03\/Impression3D_saintebarbe-225x300.png 225w, https:\/\/jobdelocronan.com\/wp-content\/uploads\/2022\/03\/Impression3D_saintebarbe-1152x1536.png 1152w, https:\/\/jobdelocronan.com\/wp-content\/uploads\/2022\/03\/Impression3D_saintebarbe-1170x1560.png 1170w, https:\/\/jobdelocronan.com\/wp-content\/uploads\/2022\/03\/Impression3D_saintebarbe.png 1458w\" sizes=\"(max-width: 768px) 100vw, 768px\" \/><figcaption><em>Sainte Barbe, 35cm, PLA<\/em> couleur pierre<\/figcaption><\/figure>\n<figcaption class=\"blocks-gallery-caption\"><em> <\/em><\/figcaption><\/figure>\n\n\n\n<hr class=\"wp-block-separator\"\/>\n\n\n\n<h2>Avantages de la fabrication num\u00e9rique:<\/h2>\n\n\n\n<p><\/p>\n\n\n\n<p>\ud83d\udd28 Restaurer num\u00e9riquement une sculpture dont l&rsquo;\u00e9tat se serait d\u00e9grad\u00e9<\/p>\n\n\n\n<p>\ud83d\udd0eExplorer de nouveaux formats: variation des dimensions ou transformation, par exemple adaptation d&rsquo;une statue en bas relief.<\/p>\n\n\n\n<p>\ud83d\udc69\u200d\ud83c\udfed Reproduire les pi\u00e8ces par impression 3D et par la technique du moulage,<\/p>\n\n\n\n<p>\ud83e\udd0f La haute pr\u00e9cision des imprimantes 3D permet de reproduire des pi\u00e8ces en taille r\u00e9duite tout en conservant la r\u00e9solution originale&nbsp;<\/p>\n\n\n\n<p>\ud83d\uddbc\ufe0f Exposer en tout lieu du monde<\/p>\n\n\n\n<p>\ud83c\udfa8 Explorer des mat\u00e9riaux et textures innovants<\/p>\n","protected":false},"excerpt":{"rendered":"<p>Impression 3D La num\u00e9risation nous permet aujourd&rsquo;hui de reproduire les sculptures de JOB par impression 3D. Nous utilisons le PLA (Acide Polylactique) pour imprimer nos pi\u00e8ces. Nos reproductions conservent une esth\u00e9tique proche des sculptures originales de JOB qui ont \u00e9t\u00e9 num\u00e9ris\u00e9es, qui sont elles principalement des tailles en bois, ou des coulages en ciment ou [&hellip;]<\/p>\n","protected":false},"author":1,"featured_media":0,"parent":0,"menu_order":0,"comment_status":"closed","ping_status":"closed","template":"","meta":[],"_links":{"self":[{"href":"https:\/\/jobdelocronan.com\/index.php\/wp-json\/wp\/v2\/pages\/309"}],"collection":[{"href":"https:\/\/jobdelocronan.com\/index.php\/wp-json\/wp\/v2\/pages"}],"about":[{"href":"https:\/\/jobdelocronan.com\/index.php\/wp-json\/wp\/v2\/types\/page"}],"author":[{"embeddable":true,"href":"https:\/\/jobdelocronan.com\/index.php\/wp-json\/wp\/v2\/users\/1"}],"replies":[{"embeddable":true,"href":"https:\/\/jobdelocronan.com\/index.php\/wp-json\/wp\/v2\/comments?post=309"}],"version-history":[{"count":7,"href":"https:\/\/jobdelocronan.com\/index.php\/wp-json\/wp\/v2\/pages\/309\/revisions"}],"predecessor-version":[{"id":346,"href":"https:\/\/jobdelocronan.com\/index.php\/wp-json\/wp\/v2\/pages\/309\/revisions\/346"}],"wp:attachment":[{"href":"https:\/\/jobdelocronan.com\/index.php\/wp-json\/wp\/v2\/media?parent=309"}],"curies":[{"name":"wp","href":"https:\/\/api.w.org\/{rel}","templated":true}]}}