{"id":261,"date":"2022-03-10T19:05:43","date_gmt":"2022-03-10T18:05:43","guid":{"rendered":"https:\/\/jobdelocronan.com\/?page_id=261"},"modified":"2022-03-21T19:35:45","modified_gmt":"2022-03-21T18:35:45","slug":"lassociation-2","status":"publish","type":"page","link":"https:\/\/jobdelocronan.com\/index.php\/lassociation-2\/","title":{"rendered":"L&rsquo;association"},"content":{"rendered":"\n<h1 class=\"has-text-align-center\">L&rsquo;ASSOCIATION <\/h1>\n\n\n\n<h2 class=\"has-text-align-center\">Entretien et Num\u00e9risation 3D des sculptures<\/h2>\n\n\n\n<p>L&rsquo;association est bas\u00e9e \u00e0 Locronan, dans l&rsquo;ancienne demeure de JOB situ\u00e9e \u00e0 l&rsquo;entr\u00e9e de la rue Lann. La fille de JOB et son mari r\u00e9alisent les op\u00e9rations de sauvegarde et entretien des sculptures depuis la disparition de JOB, il y a plus de 40 ans. En 2020, nous avons d\u00e9but\u00e9 l&rsquo;ouvrage de num\u00e9risation 3D des sculptures en possession de la famille, mais aussi celles de toute personne dispos\u00e9e \u00e0 enrichir notre galerie virtuelle. Gr\u00e2ce \u00e0 l&rsquo;appel de notre campagne de num\u00e9risation, lanc\u00e9e au d\u00e9but de l&rsquo;ann\u00e9e 2021, de nombreuses sculptures ont \u00e9t\u00e9 identifi\u00e9es, red\u00e9couvertes, archiv\u00e9es num\u00e9riquement et enfin rendues accessibles en ligne depuis notre <a rel=\"noreferrer noopener\" href=\"https:\/\/sketchfab.com\/AssociationJobLocronan\" data-type=\"URL\" data-id=\"https:\/\/sketchfab.com\/AssociationJobLocronan\" target=\"_blank\">galerie virtuelle<\/a>.<\/p>\n\n\n\n<hr class=\"wp-block-separator\"\/>\n\n\n\n<h2 class=\"has-text-align-center\">Diffusion en ligne: la galerie virtuelle<\/h2>\n\n\n\n<figure class=\"wp-block-image size-large\"><img loading=\"lazy\" width=\"1024\" height=\"518\" src=\"http:\/\/jobdelocronan.com\/wp-content\/uploads\/2022\/03\/Galerie-virtuelle-1024x518.png\" alt=\"\" class=\"wp-image-380\" srcset=\"https:\/\/jobdelocronan.com\/wp-content\/uploads\/2022\/03\/Galerie-virtuelle-1024x518.png 1024w, https:\/\/jobdelocronan.com\/wp-content\/uploads\/2022\/03\/Galerie-virtuelle-300x152.png 300w, https:\/\/jobdelocronan.com\/wp-content\/uploads\/2022\/03\/Galerie-virtuelle-768x389.png 768w, https:\/\/jobdelocronan.com\/wp-content\/uploads\/2022\/03\/Galerie-virtuelle-1536x777.png 1536w, https:\/\/jobdelocronan.com\/wp-content\/uploads\/2022\/03\/Galerie-virtuelle-1170x592.png 1170w, https:\/\/jobdelocronan.com\/wp-content\/uploads\/2022\/03\/Galerie-virtuelle.png 1573w\" sizes=\"(max-width: 1024px) 100vw, 1024px\" \/><\/figure>\n\n\n\n<hr class=\"wp-block-separator\"\/>\n\n\n\n<h2 class=\"has-text-align-center\">Recherche et contextualisation de l&rsquo;oeuvre<\/h2>\n\n\n\n<p>La campagne de num\u00e9risation a \u00e9t\u00e9 l&rsquo;opportunit\u00e9 pour contextualiser des bustes en retrouvant l&rsquo;identit\u00e9 de la personne portraite, \u00e0 partir d&rsquo;une histoire transmise \u00e0 propos d&rsquo;une pi\u00e8ce et les recherches g\u00e9n\u00e9alogiques effectu\u00e9es par l&rsquo;association <a rel=\"noreferrer noopener\" href=\"https:\/\/www.facebook.com\/groups\/1981194375527327\" data-type=\"URL\" data-id=\"https:\/\/www.facebook.com\/groups\/1981194375527327\" target=\"_blank\">Les M\u00e9moires de Locronan<\/a>. <\/p>\n\n\n\n<p>Nos recherches dans les ouvrages documentaires, les blogs sp\u00e9cialis\u00e9s en statuaire breton, les archives publiques et les fonds photographiques, mais aussi nos \u00e9changes avec les d\u00e9tenteurs de sculptures, nous ont permis de retrouver les mod\u00e8les d&rsquo;inspiration.<\/p>\n\n\n\n<h3>Investigation autour du groupe de Saint-Herv\u00e9 de l&rsquo;enclos de Sainte-Anne-la-Palud:<\/h3>\n\n\n\n<figure class=\"wp-block-gallery alignwide has-nested-images columns-default is-cropped\">\n<figure class=\"wp-block-image size-large\"><img loading=\"lazy\" width=\"304\" height=\"500\" data-id=\"400\"  src=\"http:\/\/jobdelocronan.com\/wp-content\/uploads\/2022\/03\/Saint-Herve_AssoJobdelocronan-3.png\" alt=\"\" class=\"wp-image-400\" srcset=\"https:\/\/jobdelocronan.com\/wp-content\/uploads\/2022\/03\/Saint-Herve_AssoJobdelocronan-3.png 304w, https:\/\/jobdelocronan.com\/wp-content\/uploads\/2022\/03\/Saint-Herve_AssoJobdelocronan-3-182x300.png 182w\" sizes=\"(max-width: 304px) 100vw, 304px\" \/><figcaption>Saint-Herv\u00e9, Sculpture num\u00e9ris\u00e9e \u00e0 Locronan en septembre 2021, Collection Le H\u00e9naff<\/figcaption><\/figure>\n\n\n\n<figure class=\"wp-block-image size-large\"><img loading=\"lazy\" width=\"258\" height=\"500\" data-id=\"399\"  src=\"http:\/\/jobdelocronan.com\/wp-content\/uploads\/2022\/03\/SAintHerve_Debidour-4.jpg\" alt=\"\" class=\"wp-image-399\" srcset=\"https:\/\/jobdelocronan.com\/wp-content\/uploads\/2022\/03\/SAintHerve_Debidour-4.jpg 258w, https:\/\/jobdelocronan.com\/wp-content\/uploads\/2022\/03\/SAintHerve_Debidour-4-155x300.jpg 155w\" sizes=\"(max-width: 258px) 100vw, 258px\" \/><figcaption>Photographie de l&rsquo;ouvrage <em>la sculpture bretonne<\/em>, Victor Henri Debidour, \u00e9diteur Plihon Rennes 1953. Planche XLVIi<\/figcaption><\/figure>\n<\/figure>\n\n\n\n<p><\/p>\n\n\n\n<hr class=\"wp-block-separator\"\/>\n\n\n\n<p>Nos sources:<\/p>\n\n\n\n<ul><li><a rel=\"noreferrer noopener\" href=\"https:\/\/www.lavieb-aile.com\/\" data-type=\"URL\" data-id=\"https:\/\/www.lavieb-aile.com\/\" target=\"_blank\">Le blog de Jean-Yves Cordier<\/a>: https:\/\/www.lavieb-aile.com\/<\/li><li>L&rsquo;ouvrage <em>la sculpture bretonne<\/em>, Victor Henri Debidour, \u00e9diteur Plihon Rennes 1953.<\/li><li>POP: <a rel=\"noreferrer noopener\" href=\"https:\/\/www.pop.culture.gouv.fr\/\" data-type=\"URL\" data-id=\"https:\/\/www.pop.culture.gouv.fr\/\" target=\"_blank\">la plate-forme ouverture du patrimoine<\/a><\/li><li>Les archives du Finist\u00e8re: <a href=\"https:\/\/archives.finistere.fr\/\">https:\/\/archives.finistere.fr\/<\/a><\/li><\/ul>\n\n\n\n<p><\/p>\n","protected":false},"excerpt":{"rendered":"<p>L&rsquo;ASSOCIATION Entretien et Num\u00e9risation 3D des sculptures L&rsquo;association est bas\u00e9e \u00e0 Locronan, dans l&rsquo;ancienne demeure de JOB situ\u00e9e \u00e0 l&rsquo;entr\u00e9e de la rue Lann. La fille de JOB et son mari r\u00e9alisent les op\u00e9rations de sauvegarde et entretien des sculptures depuis la disparition de JOB, il y a plus de 40 ans. En 2020, nous [&hellip;]<\/p>\n","protected":false},"author":1,"featured_media":0,"parent":0,"menu_order":0,"comment_status":"closed","ping_status":"closed","template":"","meta":[],"_links":{"self":[{"href":"https:\/\/jobdelocronan.com\/index.php\/wp-json\/wp\/v2\/pages\/261"}],"collection":[{"href":"https:\/\/jobdelocronan.com\/index.php\/wp-json\/wp\/v2\/pages"}],"about":[{"href":"https:\/\/jobdelocronan.com\/index.php\/wp-json\/wp\/v2\/types\/page"}],"author":[{"embeddable":true,"href":"https:\/\/jobdelocronan.com\/index.php\/wp-json\/wp\/v2\/users\/1"}],"replies":[{"embeddable":true,"href":"https:\/\/jobdelocronan.com\/index.php\/wp-json\/wp\/v2\/comments?post=261"}],"version-history":[{"count":21,"href":"https:\/\/jobdelocronan.com\/index.php\/wp-json\/wp\/v2\/pages\/261\/revisions"}],"predecessor-version":[{"id":416,"href":"https:\/\/jobdelocronan.com\/index.php\/wp-json\/wp\/v2\/pages\/261\/revisions\/416"}],"wp:attachment":[{"href":"https:\/\/jobdelocronan.com\/index.php\/wp-json\/wp\/v2\/media?parent=261"}],"curies":[{"name":"wp","href":"https:\/\/api.w.org\/{rel}","templated":true}]}}