{"id":185,"date":"2022-03-09T14:39:16","date_gmt":"2022-03-09T13:39:16","guid":{"rendered":"http:\/\/jobdelocronan.com\/?page_id=185"},"modified":"2022-03-16T14:27:05","modified_gmt":"2022-03-16T13:27:05","slug":"la-galerie-photographique","status":"publish","type":"page","link":"https:\/\/jobdelocronan.com\/index.php\/la-galerie-photographique\/","title":{"rendered":"La galerie photographique"},"content":{"rendered":"\n<h2>Exposition Hommage, \u00ab\u00a0JOB et Locronan, deux noms indissociables\u00a0\u00bb<\/h2>\n\n\n\n<p>Quelques sculptures expos\u00e9es lors de l&rsquo;\u00e9v\u00e8nement:<\/p>\n\n\n\n<figure class=\"wp-block-gallery has-nested-images columns-default is-cropped\">\n<figure class=\"wp-block-image size-large\"><img loading=\"lazy\" width=\"768\" height=\"1024\" data-id=\"355\"  src=\"http:\/\/jobdelocronan.com\/wp-content\/uploads\/2022\/03\/Bustejobexpohommage.png\" alt=\"\" class=\"wp-image-355\" srcset=\"https:\/\/jobdelocronan.com\/wp-content\/uploads\/2022\/03\/Bustejobexpohommage.png 768w, https:\/\/jobdelocronan.com\/wp-content\/uploads\/2022\/03\/Bustejobexpohommage-225x300.png 225w\" sizes=\"(max-width: 768px) 100vw, 768px\" \/><figcaption><strong>1<\/strong><\/figcaption><\/figure>\n\n\n\n<figure class=\"wp-block-image size-full\"><img loading=\"lazy\" width=\"768\" height=\"1024\" data-id=\"356\"  src=\"http:\/\/jobdelocronan.com\/wp-content\/uploads\/2022\/03\/Buste_chaisiere_expo_hommage.png\" alt=\"\" class=\"wp-image-356\" srcset=\"https:\/\/jobdelocronan.com\/wp-content\/uploads\/2022\/03\/Buste_chaisiere_expo_hommage.png 768w, https:\/\/jobdelocronan.com\/wp-content\/uploads\/2022\/03\/Buste_chaisiere_expo_hommage-225x300.png 225w\" sizes=\"(max-width: 768px) 100vw, 768px\" \/><figcaption><strong>2<\/strong><\/figcaption><\/figure>\n\n\n\n<figure class=\"wp-block-image size-large\"><img loading=\"lazy\" width=\"708\" height=\"1024\" data-id=\"357\"  src=\"http:\/\/jobdelocronan.com\/wp-content\/uploads\/2022\/03\/StAlar_expo_hommage-708x1024.png\" alt=\"\" class=\"wp-image-357\" srcset=\"https:\/\/jobdelocronan.com\/wp-content\/uploads\/2022\/03\/StAlar_expo_hommage-708x1024.png 708w, https:\/\/jobdelocronan.com\/wp-content\/uploads\/2022\/03\/StAlar_expo_hommage-207x300.png 207w, https:\/\/jobdelocronan.com\/wp-content\/uploads\/2022\/03\/StAlar_expo_hommage-768x1111.png 768w, https:\/\/jobdelocronan.com\/wp-content\/uploads\/2022\/03\/StAlar_expo_hommage.png 936w\" sizes=\"(max-width: 708px) 100vw, 708px\" \/><figcaption><strong>3<\/strong><\/figcaption><\/figure>\n\n\n\n<figure class=\"wp-block-image size-large\"><img loading=\"lazy\" width=\"708\" height=\"1024\" data-id=\"358\"  src=\"http:\/\/jobdelocronan.com\/wp-content\/uploads\/2022\/03\/Sainteanneetvierge_expo_hommage-708x1024.png\" alt=\"\" class=\"wp-image-358\" srcset=\"https:\/\/jobdelocronan.com\/wp-content\/uploads\/2022\/03\/Sainteanneetvierge_expo_hommage-708x1024.png 708w, https:\/\/jobdelocronan.com\/wp-content\/uploads\/2022\/03\/Sainteanneetvierge_expo_hommage-207x300.png 207w, https:\/\/jobdelocronan.com\/wp-content\/uploads\/2022\/03\/Sainteanneetvierge_expo_hommage-768x1111.png 768w, https:\/\/jobdelocronan.com\/wp-content\/uploads\/2022\/03\/Sainteanneetvierge_expo_hommage.png 936w\" sizes=\"(max-width: 708px) 100vw, 708px\" \/><figcaption><strong>4<\/strong><\/figcaption><\/figure>\n\n\n\n<figure class=\"wp-block-image size-large\"><img loading=\"lazy\" width=\"768\" height=\"1024\" data-id=\"359\"  src=\"http:\/\/jobdelocronan.com\/wp-content\/uploads\/2022\/03\/SteGwenn_expo_hommage-768x1024.png\" alt=\"\" class=\"wp-image-359\" srcset=\"https:\/\/jobdelocronan.com\/wp-content\/uploads\/2022\/03\/SteGwenn_expo_hommage-768x1024.png 768w, https:\/\/jobdelocronan.com\/wp-content\/uploads\/2022\/03\/SteGwenn_expo_hommage-225x300.png 225w, https:\/\/jobdelocronan.com\/wp-content\/uploads\/2022\/03\/SteGwenn_expo_hommage-1152x1536.png 1152w, https:\/\/jobdelocronan.com\/wp-content\/uploads\/2022\/03\/SteGwenn_expo_hommage-1170x1560.png 1170w, https:\/\/jobdelocronan.com\/wp-content\/uploads\/2022\/03\/SteGwenn_expo_hommage.png 1200w\" sizes=\"(max-width: 768px) 100vw, 768px\" \/><figcaption><strong>5<\/strong><\/figcaption><\/figure>\n<figcaption class=\"blocks-gallery-caption\">1: <em>Buste autoportrait de JOB, taille bois, Collection Le Gall-Ly-sunnaram<\/em>, 2: <em>Buste chaisi\u00e8re, taille bois, mus\u00e9e Locronan, 3: Saint-Alar, Taille bois, polychrome, Collection Chipon, 4: Sainte-Anne et la Vierge, taille bois, Polychrome, Collection Alain Coadou,  5: Sainte Gwenn, taille bois, polychrome, collection Le Jollec<\/em><\/figcaption><\/figure>\n\n\n\n<hr class=\"wp-block-separator\"\/>\n\n\n\n<p class=\"has-text-align-center\"><em>Sculptures de l&rsquo;exposition d&rsquo;hommage \u00ab\u00a0JOB et Locronan, deux noms indissociables\u00a0\u00bb, ayant eu lieu au mus\u00e9e Charles Dani\u00e9lou, \u00e0 Locronan durant l&rsquo;\u00e9t\u00e9 2021. Exposition organis\u00e9e en collaboration avec l&rsquo;association les m\u00e9moires de Locronan et la municipalit\u00e9. Cr\u00e9dit Photographies: \u00ab\u00a0Association JOB de Locronan\u00a0\u00bb.<\/em><\/p>\n","protected":false},"excerpt":{"rendered":"<p>Exposition Hommage, \u00ab\u00a0JOB et Locronan, deux noms indissociables\u00a0\u00bb Quelques sculptures expos\u00e9es lors de l&rsquo;\u00e9v\u00e8nement: Sculptures de l&rsquo;exposition d&rsquo;hommage \u00ab\u00a0JOB et Locronan, deux noms indissociables\u00a0\u00bb, ayant eu lieu au mus\u00e9e Charles Dani\u00e9lou, \u00e0 Locronan durant l&rsquo;\u00e9t\u00e9 2021. Exposition organis\u00e9e en collaboration avec l&rsquo;association les m\u00e9moires de Locronan et la municipalit\u00e9. Cr\u00e9dit Photographies: \u00ab\u00a0Association JOB de Locronan\u00a0\u00bb.<\/p>\n","protected":false},"author":1,"featured_media":0,"parent":0,"menu_order":0,"comment_status":"closed","ping_status":"closed","template":"","meta":[],"_links":{"self":[{"href":"https:\/\/jobdelocronan.com\/index.php\/wp-json\/wp\/v2\/pages\/185"}],"collection":[{"href":"https:\/\/jobdelocronan.com\/index.php\/wp-json\/wp\/v2\/pages"}],"about":[{"href":"https:\/\/jobdelocronan.com\/index.php\/wp-json\/wp\/v2\/types\/page"}],"author":[{"embeddable":true,"href":"https:\/\/jobdelocronan.com\/index.php\/wp-json\/wp\/v2\/users\/1"}],"replies":[{"embeddable":true,"href":"https:\/\/jobdelocronan.com\/index.php\/wp-json\/wp\/v2\/comments?post=185"}],"version-history":[{"count":4,"href":"https:\/\/jobdelocronan.com\/index.php\/wp-json\/wp\/v2\/pages\/185\/revisions"}],"predecessor-version":[{"id":363,"href":"https:\/\/jobdelocronan.com\/index.php\/wp-json\/wp\/v2\/pages\/185\/revisions\/363"}],"wp:attachment":[{"href":"https:\/\/jobdelocronan.com\/index.php\/wp-json\/wp\/v2\/media?parent=185"}],"curies":[{"name":"wp","href":"https:\/\/api.w.org\/{rel}","templated":true}]}}