{"id":137,"date":"2022-03-06T02:52:37","date_gmt":"2022-03-06T01:52:37","guid":{"rendered":"http:\/\/jobdelocronan.com\/?page_id=137"},"modified":"2022-03-21T17:43:34","modified_gmt":"2022-03-21T16:43:34","slug":"la-galerie-virtuelle-3d","status":"publish","type":"page","link":"https:\/\/jobdelocronan.com\/index.php\/la-galerie-virtuelle-3d\/","title":{"rendered":"La galerie virtuelle 3D"},"content":{"rendered":"\n<hr class=\"wp-block-separator\"\/>\n\n\n\n<h2>Archivage num\u00e9rique 3D<\/h2>\n\n\n\n<p>En 2020, nous avons cherch\u00e9 une m\u00e9thode pour conserver notre fond de sculptures sous forme num\u00e9rique. Nous avons \u00e9cart\u00e9 l&rsquo;id\u00e9e d&rsquo;acqu\u00e9rir un scanner 3D du fait du co\u00fbt et de l&rsquo;impossibilit\u00e9 de num\u00e9riser les pi\u00e8ces de grande taille. Notre choix s&rsquo;est port\u00e9 sur la photogramm\u00e9trie pour ses nombreux avantages d&rsquo;accessibilit\u00e9, de commodit\u00e9 de prises photographiques en tout lieu et l&rsquo;existence de logiciels libres pour l&rsquo;op\u00e9rer.<\/p>\n\n\n\n<p><\/p>\n\n\n\n<p>En 2021, \u00e0 l&rsquo;occasion de l&rsquo;\u00e9v\u00e8nement d&rsquo;hommage \u00ab\u00a0JOB et Locronan, deux noms indissociables\u00a0\u00bb, organis\u00e9 par l&rsquo;association Les m\u00e9moires de Locronan et la municipalit\u00e9, nous avons d\u00e9but\u00e9 une campagne de num\u00e9risation des sculptures en possession des particuliers et mus\u00e9es. Cette campagne de num\u00e9risation se poursuit aujourd&rsquo;hui encore!<\/p>\n\n\n\n<p>Les sculptures num\u00e9ris\u00e9es sont h\u00e9berg\u00e9es sur la plate-forme en ligne Sketchfab et visibles librement sur la galerie virtuelle: <a href=\"https:\/\/sketchfab.com\/AssociationJobLocronan\" data-type=\"URL\" data-id=\"https:\/\/sketchfab.com\/AssociationJobLocronan\" target=\"_blank\" rel=\"noreferrer noopener\">Association Job de Locronan<\/a><\/p>\n\n\n\n<hr class=\"wp-block-separator\"\/>\n\n\n\n<p><\/p>\n\n\n\n<h2>La collection familiale Le Gall &#8211; Ly-sunnaram<\/h2>\n\n\n\n<div class=\"wp-block-columns\">\n<div class=\"wp-block-column\" style=\"flex-basis:100%\">\n<pre class=\"wp-block-code\"><code><iframe loading=\"lazy\" width=\"640\" height=\"480\" src=\"https:\/\/sketchfab.com\/playlists\/embed?collection=9661add60fa24e1d8c5390b471832feb&amp;autostart=1\" title=\"Collection familiale Le Gall LY-SUNNARAM\" frameborder=\"0\" allowfullscreen=\"\" mozallowfullscreen=\"true\" webkitallowfullscreen=\"true\" allow=\"autoplay; fullscreen; xr-spatial-tracking\" xr-spatial-tracking=\"\" execution-while-out-of-viewport=\"\" execution-while-not-rendered=\"\" web-share=\"\"><\/iframe>\n    <p style=\"font-family: sans-serif;font-size: 13px; font-weight: normal; margin: 5px; color: #4A4A4A;\">\n        <a href=\"https:\/\/sketchfab.com\/AssociationJobLocronan\/collections\/collection-familiale-le-gall-ly-sunnaram\" target=\"_blank\" style=\"font-weight: bold; color: #1CAAD9;\" rel=\"noopener\">Collection familiale Le Gall LY-SUNNARAM<\/a>\n        by <a href=\"https:\/\/sketchfab.com\/AssociationJobLocronan\" target=\"_blank\" style=\"font-weight: bold; color: #1CAAD9;\" rel=\"noopener\">Association Job de Locronan<\/a>\n        on <a href=\"https:\/\/sketchfab.com?utm_source=website&amp;utm_medium=embed&amp;utm_campaign=share-popup\" target=\"_blank\" style=\"font-weight: bold; color: #1CAAD9;\" rel=\"noopener\">Sketchfab<\/a>\n    <\/p><\/code><\/pre>\n\n\n\n<hr class=\"wp-block-separator\"\/>\n<\/div>\n<\/div>\n\n\n\n<h2>Les collections priv\u00e9es d\u00e9tenues par les particuliers et mus\u00e9es<\/h2>\n\n\n\n<iframe loading=\"lazy\" width=\"640\" height=\"480\" src=\"https:\/\/sketchfab.com\/playlists\/embed?collection=dfe7d80214154bf981e0d165eaf989d6&amp;autostart=0\" title=\"Collections priv\u00e9es\" frameborder=\"0\" allowfullscreen=\"\" mozallowfullscreen=\"true\" webkitallowfullscreen=\"true\" allow=\"autoplay; fullscreen; xr-spatial-tracking\" xr-spatial-tracking=\"\" execution-while-out-of-viewport=\"\" execution-while-not-rendered=\"\" web-share=\"\"><\/iframe>\n    <p style=\"font-family: sans-serif;font-size: 13px; font-weight: normal; margin: 5px; color: #4A4A4A;\">\n        <a href=\"https:\/\/sketchfab.com\/AssociationJobLocronan\/collections\/collections-privees\" target=\"_blank\" style=\"font-weight: bold; color: #1CAAD9;\" rel=\"noopener\">Collections priv\u00e9es<\/a>\n        by <a href=\"https:\/\/sketchfab.com\/AssociationJobLocronan\" target=\"_blank\" style=\"font-weight: bold; color: #1CAAD9;\" rel=\"noopener\">Association Job de Locronan<\/a>\n        on <a href=\"https:\/\/sketchfab.com?utm_source=website&amp;utm_medium=embed&amp;utm_campaign=share-popup\" target=\"_blank\" style=\"font-weight: bold; color: #1CAAD9;\" rel=\"noopener\">Sketchfab<\/a>\n    <\/p>\n","protected":false},"excerpt":{"rendered":"<p>Archivage num\u00e9rique 3D En 2020, nous avons cherch\u00e9 une m\u00e9thode pour conserver notre fond de sculptures sous forme num\u00e9rique. Nous avons \u00e9cart\u00e9 l&rsquo;id\u00e9e d&rsquo;acqu\u00e9rir un scanner 3D du fait du co\u00fbt et de l&rsquo;impossibilit\u00e9 de num\u00e9riser les pi\u00e8ces de grande taille. Notre choix s&rsquo;est port\u00e9 sur la photogramm\u00e9trie pour ses nombreux avantages d&rsquo;accessibilit\u00e9, de commodit\u00e9 [&hellip;]<\/p>\n","protected":false},"author":1,"featured_media":0,"parent":0,"menu_order":0,"comment_status":"closed","ping_status":"closed","template":"","meta":[],"_links":{"self":[{"href":"https:\/\/jobdelocronan.com\/index.php\/wp-json\/wp\/v2\/pages\/137"}],"collection":[{"href":"https:\/\/jobdelocronan.com\/index.php\/wp-json\/wp\/v2\/pages"}],"about":[{"href":"https:\/\/jobdelocronan.com\/index.php\/wp-json\/wp\/v2\/types\/page"}],"author":[{"embeddable":true,"href":"https:\/\/jobdelocronan.com\/index.php\/wp-json\/wp\/v2\/users\/1"}],"replies":[{"embeddable":true,"href":"https:\/\/jobdelocronan.com\/index.php\/wp-json\/wp\/v2\/comments?post=137"}],"version-history":[{"count":17,"href":"https:\/\/jobdelocronan.com\/index.php\/wp-json\/wp\/v2\/pages\/137\/revisions"}],"predecessor-version":[{"id":407,"href":"https:\/\/jobdelocronan.com\/index.php\/wp-json\/wp\/v2\/pages\/137\/revisions\/407"}],"wp:attachment":[{"href":"https:\/\/jobdelocronan.com\/index.php\/wp-json\/wp\/v2\/media?parent=137"}],"curies":[{"name":"wp","href":"https:\/\/api.w.org\/{rel}","templated":true}]}}